{"id":4276,"date":"2022-05-24T11:15:49","date_gmt":"2022-05-24T09:15:49","guid":{"rendered":"https:\/\/takeoffoutlet.com\/esg-e-sostenibilita\/"},"modified":"2022-07-01T16:44:28","modified_gmt":"2022-07-01T14:44:28","slug":"esg-et-la-durabilite","status":"publish","type":"page","link":"https:\/\/takeoffoutlet.com\/fr\/esg-et-la-durabilite\/","title":{"rendered":"ESG et la durabilit\u00e9"},"content":{"rendered":"\t\t<div data-elementor-type=\"wp-page\" data-elementor-id=\"4276\" class=\"elementor elementor-4276 elementor-3286\" data-elementor-post-type=\"page\">\n\t\t\t\t\t\t<section class=\"elementor-section elementor-top-section elementor-element elementor-element-a3e34be elementor-section-height-min-height elementor-section-content-middle elementor-section-full_width elementor-section-stretched elementor-section-height-default elementor-section-items-middle\" data-id=\"a3e34be\" data-element_type=\"section\" data-settings=\"{&quot;background_background&quot;:&quot;classic&quot;,&quot;stretch_section&quot;:&quot;section-stretched&quot;}\">\n\t\t\t\t\t\t\t<div class=\"elementor-background-overlay\"><\/div>\n\t\t\t\t\t\t\t<div class=\"elementor-container elementor-column-gap-no\">\n\t\t\t\t\t<div class=\"elementor-column elementor-col-100 elementor-top-column elementor-element elementor-element-0527ab1\" data-id=\"0527ab1\" data-element_type=\"column\">\n\t\t\t<div class=\"elementor-widget-wrap elementor-element-populated\">\n\t\t\t\t\t\t<div class=\"elementor-element elementor-element-2bf2c71 elementor-widget elementor-widget-heading\" data-id=\"2bf2c71\" data-element_type=\"widget\" data-widget_type=\"heading.default\">\n\t\t\t\t<div class=\"elementor-widget-container\">\n\t\t\t\t\t<h5 class=\"elementor-heading-title elementor-size-default\">TAKE OFF SPA<\/h5>\t\t\t\t<\/div>\n\t\t\t\t<\/div>\n\t\t\t\t<div class=\"elementor-element elementor-element-fdef7fa elementor-widget elementor-widget-heading\" data-id=\"fdef7fa\" data-element_type=\"widget\" data-widget_type=\"heading.default\">\n\t\t\t\t<div class=\"elementor-widget-container\">\n\t\t\t\t\t<h2 class=\"elementor-heading-title elementor-size-default\">D\u00e9veloppement Durable &amp; Esg<\/h2>\t\t\t\t<\/div>\n\t\t\t\t<\/div>\n\t\t\t\t\t<\/div>\n\t\t<\/div>\n\t\t\t\t\t<\/div>\n\t\t<\/section>\n\t\t\t\t<section class=\"elementor-section elementor-top-section elementor-element elementor-element-1e855cbc elementor-section-content-middle elementor-reverse-mobile elementor-section-boxed elementor-section-height-default elementor-section-height-default\" data-id=\"1e855cbc\" data-element_type=\"section\">\n\t\t\t\t\t\t<div class=\"elementor-container elementor-column-gap-no\">\n\t\t\t\t\t<div class=\"elementor-column elementor-col-100 elementor-top-column elementor-element elementor-element-2beffdf\" data-id=\"2beffdf\" data-element_type=\"column\">\n\t\t\t<div class=\"elementor-widget-wrap elementor-element-populated\">\n\t\t\t\t\t\t<div class=\"elementor-element elementor-element-84ad6f4 elementor-widget elementor-widget-text-editor\" data-id=\"84ad6f4\" data-element_type=\"widget\" data-widget_type=\"text-editor.default\">\n\t\t\t\t<div class=\"elementor-widget-container\">\n\t\t\t\t\t\t\t\t\t<p>Take Off a comme objectif strat\u00e9gique principal le positionnement dans de nouveaux segments du commerce de d\u00e9tail de v\u00eatements et accessoires, avec un mod\u00e8le d\u2019offre le plus large possible. Pour atteindre cet objectif, Take Off a d\u00e9fini les lignes strat\u00e9giques suivantes, int\u00e9gr\u00e9es et compatibles avec les objectifs futurs de d\u00e9veloppement durable:<\/p><p>&#8211; La cr\u00e9ation et le d\u00e9veloppement durable dans le temps (d\u00e9veloppement commercial, marketing strat\u00e9gique et\u00a0communication\u00a0de la marque, offre de produits, commerce et Marketing aux consommateurs)<\/p><p>&#8211; La rationalisation des co\u00fbts tout au long de la cha\u00eene d\u2019approvisionnement<\/p><p>&#8211; La d\u00e9finition d\u2019un plan de durabilit\u00e9 structur\u00e9 et organique<\/p><p>&#8211; Une structure organisationnelle\u00a0soutenant les d\u00e9fis futurs.<\/p><p>Le Groupe consid\u00e8re qu\u2019il est essentiel de poursuivre ses objectifs strat\u00e9giques selon un mod\u00e8le d\u2019affaires durable, qui vise \u00e0 g\u00e9n\u00e9rer des r\u00e9sultats \u00e9conomiques et financiers positifs, mais qui, en m\u00eame temps, est en mesure de promouvoir le bien-\u00eatre des personnes et de r\u00e9pondre aux exigences environnementales et sociales. Le d\u00e9veloppement durable fait ainsi partie int\u00e9grante des plans strat\u00e9giques pluriannuels et des budgets annuels. En particulier, le mod\u00e8le commercial de la Soci\u00e9t\u00e9 se caract\u00e9rise, entre autres\u00a0:<\/p><p>&#8211; Par une organisation innovante des points de vente, visant \u00e0 encourager les activit\u00e9s de cross-selling<\/p><p>&#8211; Le positionnement des points de vente dans des lieux strat\u00e9giques \u00e0 haute visibilit\u00e9, le long de routes tr\u00e8s fr\u00e9quent\u00e9es<\/p><p>&#8211; L\u2019offre de lignes de produits distribu\u00e9s en exclusivit\u00e9, afin de compl\u00e9ter l\u2019offre de ses propres points de vente et en se r\u00e9f\u00e9rant uniquement aux points de vente Take Off<\/p><p>&#8211; L\u2019adoption de m\u00e9canismes de rebais exclusifs et visant \u00e0 rendre imm\u00e9diate pour le client l\u2019avantage de l\u2019achat.<\/p>\t\t\t\t\t\t\t\t<\/div>\n\t\t\t\t<\/div>\n\t\t\t\t\t<\/div>\n\t\t<\/div>\n\t\t\t\t\t<\/div>\n\t\t<\/section>\n\t\t\t\t<section class=\"elementor-section elementor-top-section elementor-element elementor-element-80754c0 elementor-section-boxed elementor-section-height-default elementor-section-height-default\" data-id=\"80754c0\" data-element_type=\"section\">\n\t\t\t\t\t\t<div class=\"elementor-container elementor-column-gap-default\">\n\t\t\t\t\t<div class=\"elementor-column elementor-col-100 elementor-top-column elementor-element elementor-element-e936602\" data-id=\"e936602\" data-element_type=\"column\">\n\t\t\t<div class=\"elementor-widget-wrap elementor-element-populated\">\n\t\t\t\t\t\t<div class=\"elementor-element elementor-element-c2ec595 elementor-widget elementor-widget-heading\" data-id=\"c2ec595\" data-element_type=\"widget\" data-widget_type=\"heading.default\">\n\t\t\t\t<div class=\"elementor-widget-container\">\n\t\t\t\t\t<h3 class=\"elementor-heading-title elementor-size-default\">COMMUNIQU\u00c9S DE PRESSE<\/h3>\t\t\t\t<\/div>\n\t\t\t\t<\/div>\n\t\t\t\t<div class=\"elementor-element elementor-element-a129331 elementor-widget elementor-widget-text-editor\" data-id=\"a129331\" data-element_type=\"widget\" data-widget_type=\"text-editor.default\">\n\t\t\t\t<div class=\"elementor-widget-container\">\n\t\t\t\t\t\t\t\t\t<p>19 Maggio 2022<\/p><p><a href=\"https:\/\/takeoffoutlet.com\/wp-content\/uploads\/2022\/05\/2022-05-19-TAKE-OFF-CS-BdS-2021_-1-1.pdf\">IL GRUPPO TAKE OFF PRESENTA IL PRIMO REPORT DI SOSTENIBILIT\u00c0<\/a><\/p>\t\t\t\t\t\t\t\t<\/div>\n\t\t\t\t<\/div>\n\t\t\t\t\t<\/div>\n\t\t<\/div>\n\t\t\t\t\t<\/div>\n\t\t<\/section>\n\t\t\t\t<section class=\"elementor-section elementor-top-section elementor-element elementor-element-4b2f98e elementor-section-boxed elementor-section-height-default elementor-section-height-default\" data-id=\"4b2f98e\" data-element_type=\"section\">\n\t\t\t\t\t\t<div class=\"elementor-container elementor-column-gap-default\">\n\t\t\t\t\t<div class=\"elementor-column elementor-col-100 elementor-top-column elementor-element elementor-element-e080186\" data-id=\"e080186\" data-element_type=\"column\">\n\t\t\t<div class=\"elementor-widget-wrap elementor-element-populated\">\n\t\t\t\t\t\t<div class=\"elementor-element elementor-element-5086fdf elementor-widget elementor-widget-heading\" data-id=\"5086fdf\" data-element_type=\"widget\" data-widget_type=\"heading.default\">\n\t\t\t\t<div class=\"elementor-widget-container\">\n\t\t\t\t\t<h3 class=\"elementor-heading-title elementor-size-default\">BUDGET ET RAPPORTS<\/h3>\t\t\t\t<\/div>\n\t\t\t\t<\/div>\n\t\t\t\t<div class=\"elementor-element elementor-element-391f871 elementor-widget elementor-widget-text-editor\" data-id=\"391f871\" data-element_type=\"widget\" data-widget_type=\"text-editor.default\">\n\t\t\t\t<div class=\"elementor-widget-container\">\n\t\t\t\t\t\t\t\t\t<p><strong>2021<\/strong><\/p><p><a href=\"https:\/\/takeoffoutlet.com\/wp-content\/uploads\/2022\/05\/Take-OFF-Report-di-Sostenibilita\u0300-2021_011-1.pdf\">Take Off &#8211; Report di Sostenibilita\u0300 2021<\/a><\/p>\t\t\t\t\t\t\t\t<\/div>\n\t\t\t\t<\/div>\n\t\t\t\t\t<\/div>\n\t\t<\/div>\n\t\t\t\t\t<\/div>\n\t\t<\/section>\n\t\t\t\t<\/div>\n\t\t","protected":false},"excerpt":{"rendered":"<p>TAKE OFF SPA D\u00e9veloppement Durable &#038; Esg Take Off a comme objectif strat\u00e9gique principal le positionnement dans de nouveaux segments du commerce de d\u00e9tail de v\u00eatements<span class=\"excerpt-hellip\"> [\u2026]<\/span><\/p>\n","protected":false},"author":1,"featured_media":0,"parent":0,"menu_order":0,"comment_status":"closed","ping_status":"closed","template":"","meta":{"footnotes":""},"class_list":["post-4276","page","type-page","status-publish","hentry"],"yoast_head":"<!-- This site is optimized with the Yoast SEO plugin v26.8 - https:\/\/yoast.com\/product\/yoast-seo-wordpress\/ -->\n<title>ESG et la durabilit\u00e9 - Take Off<\/title>\n<meta name=\"description\" content=\"TAKE OFF SPA D\u00e9veloppement Durable &amp; Esg Take Off a comme objectif strat\u00e9gique principal le positionnement dans de nouveaux segments du commerce de d\u00e9tail\" \/>\n<meta name=\"robots\" content=\"index, follow, max-snippet:-1, max-image-preview:large, max-video-preview:-1\" \/>\n<link rel=\"canonical\" href=\"https:\/\/takeoffoutlet.com\/fr\/esg-et-la-durabilite\/\" \/>\n<meta property=\"og:locale\" content=\"fr_FR\" \/>\n<meta property=\"og:type\" content=\"article\" \/>\n<meta property=\"og:title\" content=\"ESG et la durabilit\u00e9 - Take Off\" \/>\n<meta property=\"og:description\" content=\"TAKE OFF SPA D\u00e9veloppement Durable &amp; Esg Take Off a comme objectif strat\u00e9gique principal le positionnement dans de nouveaux segments du commerce de d\u00e9tail\" \/>\n<meta property=\"og:url\" content=\"https:\/\/takeoffoutlet.com\/fr\/esg-et-la-durabilite\/\" \/>\n<meta property=\"og:site_name\" content=\"Take Off\" \/>\n<meta property=\"article:publisher\" content=\"https:\/\/www.facebook.com\/takeofftheoutletcompany\" \/>\n<meta property=\"article:modified_time\" content=\"2022-07-01T14:44:28+00:00\" \/>\n<meta name=\"twitter:card\" content=\"summary_large_image\" \/>\n<meta name=\"twitter:label1\" content=\"Dur\u00e9e de lecture estim\u00e9e\" \/>\n\t<meta name=\"twitter:data1\" content=\"2 minutes\" \/>\n<script type=\"application\/ld+json\" class=\"yoast-schema-graph\">{\"@context\":\"https:\/\/schema.org\",\"@graph\":[{\"@type\":\"WebPage\",\"@id\":\"https:\/\/takeoffoutlet.com\/fr\/esg-et-la-durabilite\/\",\"url\":\"https:\/\/takeoffoutlet.com\/fr\/esg-et-la-durabilite\/\",\"name\":\"ESG et la durabilit\u00e9 - Take Off\",\"isPartOf\":{\"@id\":\"https:\/\/takeoffoutlet.com\/#website\"},\"datePublished\":\"2022-05-24T09:15:49+00:00\",\"dateModified\":\"2022-07-01T14:44:28+00:00\",\"description\":\"TAKE OFF SPA D\u00e9veloppement Durable & Esg Take Off a comme objectif strat\u00e9gique principal le positionnement dans de nouveaux segments du commerce de d\u00e9tail\",\"breadcrumb\":{\"@id\":\"https:\/\/takeoffoutlet.com\/fr\/esg-et-la-durabilite\/#breadcrumb\"},\"inLanguage\":\"fr-FR\",\"potentialAction\":[{\"@type\":\"ReadAction\",\"target\":[\"https:\/\/takeoffoutlet.com\/fr\/esg-et-la-durabilite\/\"]}]},{\"@type\":\"BreadcrumbList\",\"@id\":\"https:\/\/takeoffoutlet.com\/fr\/esg-et-la-durabilite\/#breadcrumb\",\"itemListElement\":[{\"@type\":\"ListItem\",\"position\":1,\"name\":\"Home\",\"item\":\"https:\/\/takeoffoutlet.com\/\"},{\"@type\":\"ListItem\",\"position\":2,\"name\":\"ESG et la durabilit\u00e9\"}]},{\"@type\":\"WebSite\",\"@id\":\"https:\/\/takeoffoutlet.com\/#website\",\"url\":\"https:\/\/takeoffoutlet.com\/\",\"name\":\"Take Off\",\"description\":\"La catena di outlet moda pi\u00f9 grande d&#039;Italia\",\"publisher\":{\"@id\":\"https:\/\/takeoffoutlet.com\/#organization\"},\"potentialAction\":[{\"@type\":\"SearchAction\",\"target\":{\"@type\":\"EntryPoint\",\"urlTemplate\":\"https:\/\/takeoffoutlet.com\/?s={search_term_string}\"},\"query-input\":{\"@type\":\"PropertyValueSpecification\",\"valueRequired\":true,\"valueName\":\"search_term_string\"}}],\"inLanguage\":\"fr-FR\"},{\"@type\":\"Organization\",\"@id\":\"https:\/\/takeoffoutlet.com\/#organization\",\"name\":\"Take Off Spa\",\"url\":\"https:\/\/takeoffoutlet.com\/\",\"logo\":{\"@type\":\"ImageObject\",\"inLanguage\":\"fr-FR\",\"@id\":\"https:\/\/takeoffoutlet.com\/#\/schema\/logo\/image\/\",\"url\":\"https:\/\/takeoffoutlet.com\/wp-content\/uploads\/2020\/10\/take-offl-logo.png\",\"contentUrl\":\"https:\/\/takeoffoutlet.com\/wp-content\/uploads\/2020\/10\/take-offl-logo.png\",\"width\":401,\"height\":101,\"caption\":\"Take Off Spa\"},\"image\":{\"@id\":\"https:\/\/takeoffoutlet.com\/#\/schema\/logo\/image\/\"},\"sameAs\":[\"https:\/\/www.facebook.com\/takeofftheoutletcompany\",\"https:\/\/www.instagram.com\/takeoffoutlet\"]}]}<\/script>\n<!-- \/ Yoast SEO plugin. -->","yoast_head_json":{"title":"ESG et la durabilit\u00e9 - Take Off","description":"TAKE OFF SPA D\u00e9veloppement Durable & Esg Take Off a comme objectif strat\u00e9gique principal le positionnement dans de nouveaux segments du commerce de d\u00e9tail","robots":{"index":"index","follow":"follow","max-snippet":"max-snippet:-1","max-image-preview":"max-image-preview:large","max-video-preview":"max-video-preview:-1"},"canonical":"https:\/\/takeoffoutlet.com\/fr\/esg-et-la-durabilite\/","og_locale":"fr_FR","og_type":"article","og_title":"ESG et la durabilit\u00e9 - Take Off","og_description":"TAKE OFF SPA D\u00e9veloppement Durable & Esg Take Off a comme objectif strat\u00e9gique principal le positionnement dans de nouveaux segments du commerce de d\u00e9tail","og_url":"https:\/\/takeoffoutlet.com\/fr\/esg-et-la-durabilite\/","og_site_name":"Take Off","article_publisher":"https:\/\/www.facebook.com\/takeofftheoutletcompany","article_modified_time":"2022-07-01T14:44:28+00:00","twitter_card":"summary_large_image","twitter_misc":{"Dur\u00e9e de lecture estim\u00e9e":"2 minutes"},"schema":{"@context":"https:\/\/schema.org","@graph":[{"@type":"WebPage","@id":"https:\/\/takeoffoutlet.com\/fr\/esg-et-la-durabilite\/","url":"https:\/\/takeoffoutlet.com\/fr\/esg-et-la-durabilite\/","name":"ESG et la durabilit\u00e9 - Take Off","isPartOf":{"@id":"https:\/\/takeoffoutlet.com\/#website"},"datePublished":"2022-05-24T09:15:49+00:00","dateModified":"2022-07-01T14:44:28+00:00","description":"TAKE OFF SPA D\u00e9veloppement Durable & Esg Take Off a comme objectif strat\u00e9gique principal le positionnement dans de nouveaux segments du commerce de d\u00e9tail","breadcrumb":{"@id":"https:\/\/takeoffoutlet.com\/fr\/esg-et-la-durabilite\/#breadcrumb"},"inLanguage":"fr-FR","potentialAction":[{"@type":"ReadAction","target":["https:\/\/takeoffoutlet.com\/fr\/esg-et-la-durabilite\/"]}]},{"@type":"BreadcrumbList","@id":"https:\/\/takeoffoutlet.com\/fr\/esg-et-la-durabilite\/#breadcrumb","itemListElement":[{"@type":"ListItem","position":1,"name":"Home","item":"https:\/\/takeoffoutlet.com\/"},{"@type":"ListItem","position":2,"name":"ESG et la durabilit\u00e9"}]},{"@type":"WebSite","@id":"https:\/\/takeoffoutlet.com\/#website","url":"https:\/\/takeoffoutlet.com\/","name":"Take Off","description":"La catena di outlet moda pi\u00f9 grande d&#039;Italia","publisher":{"@id":"https:\/\/takeoffoutlet.com\/#organization"},"potentialAction":[{"@type":"SearchAction","target":{"@type":"EntryPoint","urlTemplate":"https:\/\/takeoffoutlet.com\/?s={search_term_string}"},"query-input":{"@type":"PropertyValueSpecification","valueRequired":true,"valueName":"search_term_string"}}],"inLanguage":"fr-FR"},{"@type":"Organization","@id":"https:\/\/takeoffoutlet.com\/#organization","name":"Take Off Spa","url":"https:\/\/takeoffoutlet.com\/","logo":{"@type":"ImageObject","inLanguage":"fr-FR","@id":"https:\/\/takeoffoutlet.com\/#\/schema\/logo\/image\/","url":"https:\/\/takeoffoutlet.com\/wp-content\/uploads\/2020\/10\/take-offl-logo.png","contentUrl":"https:\/\/takeoffoutlet.com\/wp-content\/uploads\/2020\/10\/take-offl-logo.png","width":401,"height":101,"caption":"Take Off Spa"},"image":{"@id":"https:\/\/takeoffoutlet.com\/#\/schema\/logo\/image\/"},"sameAs":["https:\/\/www.facebook.com\/takeofftheoutletcompany","https:\/\/www.instagram.com\/takeoffoutlet"]}]}},"_links":{"self":[{"href":"https:\/\/takeoffoutlet.com\/fr\/wp-json\/wp\/v2\/pages\/4276","targetHints":{"allow":["GET"]}}],"collection":[{"href":"https:\/\/takeoffoutlet.com\/fr\/wp-json\/wp\/v2\/pages"}],"about":[{"href":"https:\/\/takeoffoutlet.com\/fr\/wp-json\/wp\/v2\/types\/page"}],"author":[{"embeddable":true,"href":"https:\/\/takeoffoutlet.com\/fr\/wp-json\/wp\/v2\/users\/1"}],"replies":[{"embeddable":true,"href":"https:\/\/takeoffoutlet.com\/fr\/wp-json\/wp\/v2\/comments?post=4276"}],"version-history":[{"count":4,"href":"https:\/\/takeoffoutlet.com\/fr\/wp-json\/wp\/v2\/pages\/4276\/revisions"}],"predecessor-version":[{"id":4280,"href":"https:\/\/takeoffoutlet.com\/fr\/wp-json\/wp\/v2\/pages\/4276\/revisions\/4280"}],"wp:attachment":[{"href":"https:\/\/takeoffoutlet.com\/fr\/wp-json\/wp\/v2\/media?parent=4276"}],"curies":[{"name":"wp","href":"https:\/\/api.w.org\/{rel}","templated":true}]}}