{"id":4302,"date":"2021-11-18T13:44:14","date_gmt":"2021-11-18T12:44:14","guid":{"rendered":"https:\/\/takeoffoutlet.com\/relations-investisseurs\/media\/"},"modified":"2023-04-28T17:24:47","modified_gmt":"2023-04-28T15:24:47","slug":"medias","status":"publish","type":"page","link":"https:\/\/takeoffoutlet.com\/fr\/relations-investisseurs\/medias\/","title":{"rendered":"M\u00e9dias"},"content":{"rendered":"\t\t<div data-elementor-type=\"wp-page\" data-elementor-id=\"4302\" class=\"elementor elementor-4302 elementor-1651\" data-elementor-post-type=\"page\">\n\t\t\t\t\t\t<section class=\"elementor-section elementor-top-section elementor-element elementor-element-5a9f299 elementor-section-height-min-height elementor-section-content-middle elementor-section-full_width elementor-section-stretched elementor-section-height-default elementor-section-items-middle\" data-id=\"5a9f299\" data-element_type=\"section\" data-settings=\"{&quot;background_background&quot;:&quot;classic&quot;,&quot;stretch_section&quot;:&quot;section-stretched&quot;}\">\n\t\t\t\t\t\t\t<div class=\"elementor-background-overlay\"><\/div>\n\t\t\t\t\t\t\t<div class=\"elementor-container elementor-column-gap-no\">\n\t\t\t\t\t<div class=\"elementor-column elementor-col-100 elementor-top-column elementor-element elementor-element-e27d828\" data-id=\"e27d828\" data-element_type=\"column\">\n\t\t\t<div class=\"elementor-widget-wrap elementor-element-populated\">\n\t\t\t\t\t\t<div class=\"elementor-element elementor-element-ce7990e elementor-widget elementor-widget-heading\" data-id=\"ce7990e\" data-element_type=\"widget\" data-widget_type=\"heading.default\">\n\t\t\t\t<div class=\"elementor-widget-container\">\n\t\t\t\t\t<h5 class=\"elementor-heading-title elementor-size-default\">TAKE OFF SPA<\/h5>\t\t\t\t<\/div>\n\t\t\t\t<\/div>\n\t\t\t\t<div class=\"elementor-element elementor-element-cb5c09c elementor-widget elementor-widget-heading\" data-id=\"cb5c09c\" data-element_type=\"widget\" data-widget_type=\"heading.default\">\n\t\t\t\t<div class=\"elementor-widget-container\">\n\t\t\t\t\t<h2 class=\"elementor-heading-title elementor-size-default\">M\u00e9dias<\/h2>\t\t\t\t<\/div>\n\t\t\t\t<\/div>\n\t\t\t\t\t<\/div>\n\t\t<\/div>\n\t\t\t\t\t<\/div>\n\t\t<\/section>\n\t\t\t\t<section class=\"elementor-section elementor-top-section elementor-element elementor-element-1022c3e elementor-section-boxed elementor-section-height-default elementor-section-height-default\" data-id=\"1022c3e\" data-element_type=\"section\">\n\t\t\t\t\t\t<div class=\"elementor-container elementor-column-gap-default\">\n\t\t\t\t\t<div class=\"elementor-column elementor-col-100 elementor-top-column elementor-element elementor-element-b82cb8e\" data-id=\"b82cb8e\" data-element_type=\"column\">\n\t\t\t<div class=\"elementor-widget-wrap elementor-element-populated\">\n\t\t\t\t\t\t<div class=\"elementor-element elementor-element-3cbf2cf elementor-widget elementor-widget-heading\" data-id=\"3cbf2cf\" data-element_type=\"widget\" data-widget_type=\"heading.default\">\n\t\t\t\t<div class=\"elementor-widget-container\">\n\t\t\t\t\t<h3 class=\"elementor-heading-title elementor-size-default\">CONTACTS\n <\/h3>\t\t\t\t<\/div>\n\t\t\t\t<\/div>\n\t\t\t\t<div class=\"elementor-element elementor-element-7aec7e8 elementor-widget elementor-widget-text-editor\" data-id=\"7aec7e8\" data-element_type=\"widget\" data-widget_type=\"text-editor.default\">\n\t\t\t\t<div class=\"elementor-widget-container\">\n\t\t\t\t\t\t\t\t\t<p><strong>IR TOP CONSULTING<\/strong><br \/>Domenico Gentile, Antonio Buozzi<br \/>d.gentile@irtop.com, a.buozzi@irtop.com<br \/>T +39 02 45473884\/3<\/p>\t\t\t\t\t\t\t\t<\/div>\n\t\t\t\t<\/div>\n\t\t\t\t\t<\/div>\n\t\t<\/div>\n\t\t\t\t\t<\/div>\n\t\t<\/section>\n\t\t\t\t<section class=\"elementor-section elementor-top-section elementor-element elementor-element-c5a5445 elementor-section-boxed elementor-section-height-default elementor-section-height-default\" data-id=\"c5a5445\" data-element_type=\"section\">\n\t\t\t\t\t\t<div class=\"elementor-container elementor-column-gap-default\">\n\t\t\t\t\t<div class=\"elementor-column elementor-col-100 elementor-top-column elementor-element elementor-element-e1a2ffe\" data-id=\"e1a2ffe\" data-element_type=\"column\">\n\t\t\t<div class=\"elementor-widget-wrap elementor-element-populated\">\n\t\t\t\t\t\t<div class=\"elementor-element elementor-element-e206b98 elementor-widget elementor-widget-heading\" data-id=\"e206b98\" data-element_type=\"widget\" data-widget_type=\"heading.default\">\n\t\t\t\t<div class=\"elementor-widget-container\">\n\t\t\t\t\t<h3 class=\"elementor-heading-title elementor-size-default\">NOUVELLES<\/h3>\t\t\t\t<\/div>\n\t\t\t\t<\/div>\n\t\t\t\t<div class=\"elementor-element elementor-element-7b3b05d elementor-widget elementor-widget-text-editor\" data-id=\"7b3b05d\" data-element_type=\"widget\" data-widget_type=\"text-editor.default\">\n\t\t\t\t<div class=\"elementor-widget-container\">\n\t\t\t\t\t\t\t\t\t<p><strong>18 Avril 2023<\/strong><\/p><p><strong><a href=\"https:\/\/takeoffoutlet.com\/wp-content\/uploads\/2023\/04\/2023-04-19-TAKE-OFF-CS-EGM-IDay_FR.pdf\">TAKE OFF PARTICIPE \u00c0 L&rsquo;EGM INVESTOR DAY ORGANIS\u00c9 PAR IR TOP CONSULTING<\/a><\/strong><\/p><p><strong>22 D\u00e9cembre 2022<\/strong><\/p><p><a href=\"https:\/\/takeoffoutlet.com\/wp-content\/uploads\/2023\/01\/2022-12-22-TAKE-OFF-CS-Certificazione-UNI-PdR-125_FR.pdf\"><strong>TAKE OFF OBTIENT LA CERTIFICATION UNI\/PdR 125, CONFIRMANT AINSI SON ENGAGEMENT EN FAVEUR DE L&rsquo;\u00c9GALIT\u00c9 DE GENRE<\/strong><\/a><\/p><p><strong>1 D\u00e9cembre 2022<\/strong><\/p><p><strong><a href=\"https:\/\/takeoffoutlet.com\/wp-content\/uploads\/2022\/12\/2022-1-12-TAKE-OFF-CS-nuove-aperture-002_FR.pdf\">TAKE OFF : ACCORDS SIGN\u00c9S POUR L&rsquo;OUVERTURE DE 8 NOUVEAUX MAGASINS<\/a><\/strong><\/p><p><strong>5 Octobre 2022<\/strong><\/p><p><a href=\"https:\/\/takeoffoutlet.com\/wp-content\/uploads\/2022\/10\/TAKE-OFF-partecipazione-Lugano_FR.pdf\"><strong>TAKE OFF PARTICIPE \u00c0 LA 12e \u00c9DITION DU \u00ab LUGANO IR TOP INVESTOR DAY \u00bb ORGANIS\u00c9 PAR IR TOP CONSULTING<\/strong><\/a><\/p><p><strong>21 Setpembre 2022<\/strong><\/p><p><a href=\"https:\/\/takeoffoutlet.com\/wp-content\/uploads\/2022\/09\/2022-09-21-TAKE-OFF-CS-Nuove-Aperture_FR.pdf\"><strong>LE GROUPE TAKE OFF \u00c9TEND SON R\u00c9SEAU COMMERCIAL AVEC L\u2019OUVERTURE DE 9 NOUVEAUX MAGASINS<\/strong><\/a><\/p><p><strong>20 Juillet 2022<\/strong><\/p><p><a href=\"https:\/\/takeoffoutlet.com\/wp-content\/uploads\/2022\/08\/2022-07-20-TAKE-OFF-CS-Nuove-Aperture_FR.pdf\"><strong>TAKE OFF GROUP \u00c9LARGIT SON R\u00c9SEAU COMMERCIAL AVEC 7 NOUVEAUX POINTS DE VENTE SITU\u00c9S DANS 6 R\u00c9GIONS<\/strong><\/a><\/p><p><strong>14 Juillet 2022<\/strong><\/p><p><strong><a href=\"https:\/\/takeoffoutlet.com\/wp-content\/uploads\/2022\/07\/2022-07-14-TAKE-OFF-Partecipazione-ESG-ID_FR.pdf\">TAKE OFF PARTICIPE \u00c0 LA 3E \u00c9DITION DE L\u2019ESG INVESTOR DAY ORGANIS\u00c9 PAR IR TOP CONSULTING ET V-FINANCE<\/a><\/strong><\/p><p><strong>13 Juillet 2022<\/strong><\/p><p><a href=\"https:\/\/takeoffoutlet.com\/wp-content\/uploads\/2022\/07\/2022-07-13-TAKE-OFF-CS-Associazione-Olivami_giardino-aziendale_FR.pdf\"><strong>TAKE OFF SOUTIENT LA RENAISSANCE DE L\u2019OL\u00c9ICULTURE DU SALENTO, ADOPTION DE 100 OLIVIERS CORRESPONDANT \u00c0 70.000 KG DE Co2 NON \u00c9MISE<\/strong><\/a><\/p><p><strong>15 Juin 2022<\/strong><\/p><p><strong><a href=\"https:\/\/takeoffoutlet.com\/wp-content\/uploads\/2022\/11\/2022-06-15-TAKE-OFF-CS-Apertura-punti-vendita_FR.pdf\">L&rsquo;EXPANSION DU GROUPE TAKE OFF SE POURSUIT \u00c0 L&rsquo;\u00c9CHELLE NATIONALE : 7 NOUVEAUX MAGASINS EN V\u00c9N\u00c9TIE, LOMBARDIE, DANS LES POUILLES ET EN SICILE<\/a><\/strong><\/p><p><strong>13 Juin 2022<\/strong><\/p><p><strong><a href=\"https:\/\/takeoffoutlet.com\/wp-content\/uploads\/2022\/11\/2022-06-13-TAKE-OFF-CS-Certificazioni-ISO-1_FR.pdf\">TAKE OFF CONFIRME SON ENGAGEMENT SUR LES QUESTIONS D&rsquo;ESG : OBTENTION DES CERTIFICATIONS INTERNATIONALES ISO 9001, ISO 37001 ET ISO 45001<\/a><\/strong><\/p><p><strong>19 Mai 2022<\/strong><\/p><p><a href=\"https:\/\/takeoffoutlet.com\/wp-content\/uploads\/2022\/09\/2022-05-19-TAKE-OFF-CS-BdS-2021_-REV_EN_FR.pdf\"><strong>LE GROUPE TAKE OFF PR\u00c9SENTE SON PREMIER RAPPORT DE DURABILIT\u00c9<\/strong><\/a><\/p><p><strong>29 Avril 2022<\/strong><\/p><p><strong><a href=\"https:\/\/takeoffoutlet.com\/wp-content\/uploads\/2022\/09\/2022-04-29-TAKE-OFF-CS-Apertura-Punti-Vendita_ENG_FR.pdf\">LE GROUPE TAKE OFF \u00c9TEND SON R\u00c9SEAU AVEC 6 NOUVEAUX POINTS DE VENTE : UNE SUPERFICIE TOTALE DE 800 M\u00c8TRES CARR\u00c9S EN LOMBARDIE, CALABRE ET DANS LES POUILLES<\/a><\/strong><\/p><p><strong>4 Avril 2022<\/strong><\/p><p><strong><a href=\"https:\/\/takeoffoutlet.com\/wp-content\/uploads\/2022\/09\/2022-04-04-TAKE-OFF-CS-Rete-al-31-marzo-e-10-aperture_ENG_FR.pdf\">TAKE OFF \u00c9TEND SON R\u00c9SEAU DE POINTS DE VENTE : ACCORDS SIGN\u00c9S POUR L&rsquo;OUVERTURE DE 10 NOUVEAUX MAGASINS<\/a><\/strong><\/p><p><strong>1 Mars 2022<\/strong><\/p><p><strong><a href=\"https:\/\/takeoffoutlet.com\/wp-content\/uploads\/2022\/07\/2022-03-01-TAKE-OFF-CS-LUXURY-GOODS-IDay_FR.pdf\">TAKE OFF PARTICIPE AU \u00ab LUXURY GOODS RETAIL INVESTOR DAY \u00bb ORGANIS\u00c9 PAR IR TOP CONSULTING EN PARTENARIAT AVEC BORSA ITALIANA<\/a><\/strong><\/p><p><strong>28 Janvier 2022<\/strong><\/p><p><strong><a href=\"https:\/\/takeoffoutlet.com\/wp-content\/uploads\/2022\/09\/2022-01-28-TAKE-OFF-CS-BEST-VALUE-AWARD_EN_R.pdf\">TAKE OFF : LA FILIALE OVER RE\u00c7OIT LE \u00ab BEST VALUE AWARD \u00bb POUR LA PREMI\u00c8RE EDITION D\u00c9DI\u00c9E AUX POUILLES<\/a><\/strong><\/p><p><strong>20 Janvier 2022<\/strong><\/p><p><strong><a href=\"https:\/\/takeoffoutlet.com\/wp-content\/uploads\/2022\/09\/2022-01-20-TAKE-OFF-CS-Massimo-Moresco_EN_FR.pdf\">TAKE OFF RENFORCE SON PORTEFEUILLE DE MARQUES PROPRES AVEC SA NOUVELLE LIGNE DE V\u00caTEMENTS ET DE CHAUSSURES \u00ab MASSIMO MORESCO \u00bb<\/a><\/strong><\/p>\t\t\t\t\t\t\t\t<\/div>\n\t\t\t\t<\/div>\n\t\t\t\t<div class=\"elementor-element elementor-element-e908eec elementor-widget elementor-widget-heading\" data-id=\"e908eec\" data-element_type=\"widget\" data-widget_type=\"heading.default\">\n\t\t\t\t<div class=\"elementor-widget-container\">\n\t\t\t\t\t<h3 class=\"elementor-heading-title elementor-size-default\">KIT DE PRESSE\n\n <\/h3>\t\t\t\t<\/div>\n\t\t\t\t<\/div>\n\t\t\t\t<div class=\"elementor-element elementor-element-4c63bc8 elementor-widget elementor-widget-text-editor\" data-id=\"4c63bc8\" data-element_type=\"widget\" data-widget_type=\"text-editor.default\">\n\t\t\t\t<div class=\"elementor-widget-container\">\n\t\t\t\t\t\t\t\t\t<p><strong><a href=\"https:\/\/takeoffoutlet.com\/wp-content\/uploads\/2021\/11\/PRESS-KIT.zip\">T\u00c9L\u00c9CHARGER LE DOSSIER DE PRESSE<\/a><\/strong><\/p>\t\t\t\t\t\t\t\t<\/div>\n\t\t\t\t<\/div>\n\t\t\t\t\t<\/div>\n\t\t<\/div>\n\t\t\t\t\t<\/div>\n\t\t<\/section>\n\t\t\t\t<section class=\"elementor-section elementor-top-section elementor-element elementor-element-f9ce866 elementor-section-boxed elementor-section-height-default elementor-section-height-default\" data-id=\"f9ce866\" data-element_type=\"section\">\n\t\t\t\t\t\t<div class=\"elementor-container elementor-column-gap-default\">\n\t\t\t\t\t<div class=\"elementor-column elementor-col-100 elementor-top-column elementor-element elementor-element-7bfec2d\" data-id=\"7bfec2d\" data-element_type=\"column\">\n\t\t\t<div class=\"elementor-widget-wrap elementor-element-populated\">\n\t\t\t\t\t\t<div class=\"elementor-element elementor-element-6fcbcbd elementor-widget elementor-widget-heading\" data-id=\"6fcbcbd\" data-element_type=\"widget\" data-widget_type=\"heading.default\">\n\t\t\t\t<div class=\"elementor-widget-container\">\n\t\t\t\t\t<h3 class=\"elementor-heading-title elementor-size-default\">REVUE DE PRESSE <\/h3>\t\t\t\t<\/div>\n\t\t\t\t<\/div>\n\t\t\t\t<div class=\"elementor-element elementor-element-bbd0422 elementor-widget elementor-widget-text-editor\" data-id=\"bbd0422\" data-element_type=\"widget\" data-widget_type=\"text-editor.default\">\n\t\t\t\t<div class=\"elementor-widget-container\">\n\t\t\t\t\t\t\t\t\t<p>17 novembre 2021<br \/><a href=\"https:\/\/takeoffoutlet.com\/wp-content\/uploads\/2021\/11\/MF-17-11-2021.pdf\">MF: Take Off in borsa dal 25 novembre<\/a><\/p><p>16 novembre 2021<br \/><a href=\"https:\/\/takeoffoutlet.com\/wp-content\/uploads\/2021\/11\/ITALIA-OGGI-16-11-2021.pdf\">ITALIA OGGI: Take Off chiude collocamento<\/a><\/p><p>15 novembre 2021<br \/><a href=\"https:\/\/takeoffoutlet.com\/wp-content\/uploads\/2021\/11\/IL-MESSAGGERO-15-11-2021.pdf\">IL MESSAGGERO: TAKE OFF, bookbuilding chiuso in anticipo. Debutto il 25 novembre<\/a><\/p><p>15 novembre 2021<br \/><a href=\"https:\/\/takeoffoutlet.com\/wp-content\/uploads\/2021\/11\/QUI-FINANZA-15-11-2021.pdf\">QUI FINANZA: TAKE OFF, bookbuilding chiuso in anticipo. Debutto il 25 novembre<\/a><\/p><p>11 novembre 2021<br \/><a href=\"https:\/\/takeoffoutlet.com\/wp-content\/uploads\/2021\/11\/ITALIA-OGGI-11-11-2021.pdf\">ITALIA OGGI: Take Off ha presentato a Borsa Italiana la comunicazione di pre ammissione<\/a><\/p><p>10 novembre 2021<br \/><a href=\"https:\/\/takeoffoutlet.com\/wp-content\/uploads\/2021\/11\/LA-REPUBBLICA-10-11-2021.pdf\">LA REPUBBLICA: TAKE OFF, avviato bookbuilding per quotazione su Euronext Growth Milan<\/a><\/p><p>10 novembre 2021<br \/><a href=\"https:\/\/takeoffoutlet.com\/wp-content\/uploads\/2021\/11\/YAHOO-FINANZA-10-11-2021.pdf\">YAHOO FINANZA: Take Off verso Piazza Affari: presentata comunicazione pre-ammissione su Euronext Growth Milan<\/a><\/p><p>4 novembre 2021<br \/><a href=\"https:\/\/takeoffoutlet.com\/wp-content\/uploads\/2021\/11\/IL-SOLE-24-ORE-04-11-2021.pdf\">IL SOLE 24 ORE: Take Off scalda i motori per l\u2019AIM: obiettivo 8-10 milioni per altri negozi<\/a><\/p>\t\t\t\t\t\t\t\t<\/div>\n\t\t\t\t<\/div>\n\t\t\t\t\t<\/div>\n\t\t<\/div>\n\t\t\t\t\t<\/div>\n\t\t<\/section>\n\t\t\t\t<\/div>\n\t\t","protected":false},"excerpt":{"rendered":"<p>TAKE OFF SPA M\u00e9dias CONTACTS IR TOP CONSULTINGDomenico Gentile, Antonio Buozzid.gentile@irtop.com, a.buozzi@irtop.comT +39 02 45473884\/3 NOUVELLES 18 Avril 2023 TAKE OFF PARTICIPE \u00c0 L&rsquo;EGM INVESTOR DAY<span class=\"excerpt-hellip\"> [\u2026]<\/span><\/p>\n","protected":false},"author":1,"featured_media":0,"parent":4282,"menu_order":0,"comment_status":"closed","ping_status":"closed","template":"","meta":{"footnotes":""},"class_list":["post-4302","page","type-page","status-publish","hentry"],"yoast_head":"<!-- This site is optimized with the Yoast SEO plugin v26.8 - https:\/\/yoast.com\/product\/yoast-seo-wordpress\/ -->\n<title>M\u00e9dias - Take Off<\/title>\n<meta name=\"description\" content=\"TAKE OFF SPA M\u00e9dias CONTACTS IR TOP CONSULTINGDomenico Gentile, Antonio Buozzid.gentile@irtop.com, a.buozzi@irtop.comT +39 02 45473884\/3 NOUVELLES 18\" \/>\n<meta name=\"robots\" content=\"index, follow, max-snippet:-1, max-image-preview:large, max-video-preview:-1\" \/>\n<link rel=\"canonical\" href=\"https:\/\/takeoffoutlet.com\/fr\/relations-investisseurs\/medias\/\" \/>\n<meta property=\"og:locale\" content=\"fr_FR\" \/>\n<meta property=\"og:type\" content=\"article\" \/>\n<meta property=\"og:title\" content=\"M\u00e9dias - Take Off\" \/>\n<meta property=\"og:description\" content=\"TAKE OFF SPA M\u00e9dias CONTACTS IR TOP CONSULTINGDomenico Gentile, Antonio Buozzid.gentile@irtop.com, a.buozzi@irtop.comT +39 02 45473884\/3 NOUVELLES 18\" \/>\n<meta property=\"og:url\" content=\"https:\/\/takeoffoutlet.com\/fr\/relations-investisseurs\/medias\/\" \/>\n<meta property=\"og:site_name\" content=\"Take Off\" \/>\n<meta property=\"article:publisher\" content=\"https:\/\/www.facebook.com\/takeofftheoutletcompany\" \/>\n<meta property=\"article:modified_time\" content=\"2023-04-28T15:24:47+00:00\" \/>\n<meta name=\"twitter:card\" content=\"summary_large_image\" \/>\n<meta name=\"twitter:label1\" content=\"Dur\u00e9e de lecture estim\u00e9e\" \/>\n\t<meta name=\"twitter:data1\" content=\"3 minutes\" \/>\n<script type=\"application\/ld+json\" class=\"yoast-schema-graph\">{\"@context\":\"https:\/\/schema.org\",\"@graph\":[{\"@type\":\"WebPage\",\"@id\":\"https:\/\/takeoffoutlet.com\/fr\/relations-investisseurs\/medias\/\",\"url\":\"https:\/\/takeoffoutlet.com\/fr\/relations-investisseurs\/medias\/\",\"name\":\"M\u00e9dias - Take Off\",\"isPartOf\":{\"@id\":\"https:\/\/takeoffoutlet.com\/#website\"},\"datePublished\":\"2021-11-18T12:44:14+00:00\",\"dateModified\":\"2023-04-28T15:24:47+00:00\",\"description\":\"TAKE OFF SPA M\u00e9dias CONTACTS IR TOP CONSULTINGDomenico Gentile, Antonio Buozzid.gentile@irtop.com, a.buozzi@irtop.comT +39 02 45473884\/3 NOUVELLES 18\",\"breadcrumb\":{\"@id\":\"https:\/\/takeoffoutlet.com\/fr\/relations-investisseurs\/medias\/#breadcrumb\"},\"inLanguage\":\"fr-FR\",\"potentialAction\":[{\"@type\":\"ReadAction\",\"target\":[\"https:\/\/takeoffoutlet.com\/fr\/relations-investisseurs\/medias\/\"]}]},{\"@type\":\"BreadcrumbList\",\"@id\":\"https:\/\/takeoffoutlet.com\/fr\/relations-investisseurs\/medias\/#breadcrumb\",\"itemListElement\":[{\"@type\":\"ListItem\",\"position\":1,\"name\":\"Home\",\"item\":\"https:\/\/takeoffoutlet.com\/\"},{\"@type\":\"ListItem\",\"position\":2,\"name\":\"Relations investisseurs\",\"item\":\"https:\/\/takeoffoutlet.com\/fr\/relations-investisseurs\/\"},{\"@type\":\"ListItem\",\"position\":3,\"name\":\"M\u00e9dias\"}]},{\"@type\":\"WebSite\",\"@id\":\"https:\/\/takeoffoutlet.com\/#website\",\"url\":\"https:\/\/takeoffoutlet.com\/\",\"name\":\"Take Off\",\"description\":\"La catena di outlet moda pi\u00f9 grande d&#039;Italia\",\"publisher\":{\"@id\":\"https:\/\/takeoffoutlet.com\/#organization\"},\"potentialAction\":[{\"@type\":\"SearchAction\",\"target\":{\"@type\":\"EntryPoint\",\"urlTemplate\":\"https:\/\/takeoffoutlet.com\/?s={search_term_string}\"},\"query-input\":{\"@type\":\"PropertyValueSpecification\",\"valueRequired\":true,\"valueName\":\"search_term_string\"}}],\"inLanguage\":\"fr-FR\"},{\"@type\":\"Organization\",\"@id\":\"https:\/\/takeoffoutlet.com\/#organization\",\"name\":\"Take Off Spa\",\"url\":\"https:\/\/takeoffoutlet.com\/\",\"logo\":{\"@type\":\"ImageObject\",\"inLanguage\":\"fr-FR\",\"@id\":\"https:\/\/takeoffoutlet.com\/#\/schema\/logo\/image\/\",\"url\":\"https:\/\/takeoffoutlet.com\/wp-content\/uploads\/2020\/10\/take-offl-logo.png\",\"contentUrl\":\"https:\/\/takeoffoutlet.com\/wp-content\/uploads\/2020\/10\/take-offl-logo.png\",\"width\":401,\"height\":101,\"caption\":\"Take Off Spa\"},\"image\":{\"@id\":\"https:\/\/takeoffoutlet.com\/#\/schema\/logo\/image\/\"},\"sameAs\":[\"https:\/\/www.facebook.com\/takeofftheoutletcompany\",\"https:\/\/www.instagram.com\/takeoffoutlet\"]}]}<\/script>\n<!-- \/ Yoast SEO plugin. -->","yoast_head_json":{"title":"M\u00e9dias - Take Off","description":"TAKE OFF SPA M\u00e9dias CONTACTS IR TOP CONSULTINGDomenico Gentile, Antonio Buozzid.gentile@irtop.com, a.buozzi@irtop.comT +39 02 45473884\/3 NOUVELLES 18","robots":{"index":"index","follow":"follow","max-snippet":"max-snippet:-1","max-image-preview":"max-image-preview:large","max-video-preview":"max-video-preview:-1"},"canonical":"https:\/\/takeoffoutlet.com\/fr\/relations-investisseurs\/medias\/","og_locale":"fr_FR","og_type":"article","og_title":"M\u00e9dias - Take Off","og_description":"TAKE OFF SPA M\u00e9dias CONTACTS IR TOP CONSULTINGDomenico Gentile, Antonio Buozzid.gentile@irtop.com, a.buozzi@irtop.comT +39 02 45473884\/3 NOUVELLES 18","og_url":"https:\/\/takeoffoutlet.com\/fr\/relations-investisseurs\/medias\/","og_site_name":"Take Off","article_publisher":"https:\/\/www.facebook.com\/takeofftheoutletcompany","article_modified_time":"2023-04-28T15:24:47+00:00","twitter_card":"summary_large_image","twitter_misc":{"Dur\u00e9e de lecture estim\u00e9e":"3 minutes"},"schema":{"@context":"https:\/\/schema.org","@graph":[{"@type":"WebPage","@id":"https:\/\/takeoffoutlet.com\/fr\/relations-investisseurs\/medias\/","url":"https:\/\/takeoffoutlet.com\/fr\/relations-investisseurs\/medias\/","name":"M\u00e9dias - Take Off","isPartOf":{"@id":"https:\/\/takeoffoutlet.com\/#website"},"datePublished":"2021-11-18T12:44:14+00:00","dateModified":"2023-04-28T15:24:47+00:00","description":"TAKE OFF SPA M\u00e9dias CONTACTS IR TOP CONSULTINGDomenico Gentile, Antonio Buozzid.gentile@irtop.com, a.buozzi@irtop.comT +39 02 45473884\/3 NOUVELLES 18","breadcrumb":{"@id":"https:\/\/takeoffoutlet.com\/fr\/relations-investisseurs\/medias\/#breadcrumb"},"inLanguage":"fr-FR","potentialAction":[{"@type":"ReadAction","target":["https:\/\/takeoffoutlet.com\/fr\/relations-investisseurs\/medias\/"]}]},{"@type":"BreadcrumbList","@id":"https:\/\/takeoffoutlet.com\/fr\/relations-investisseurs\/medias\/#breadcrumb","itemListElement":[{"@type":"ListItem","position":1,"name":"Home","item":"https:\/\/takeoffoutlet.com\/"},{"@type":"ListItem","position":2,"name":"Relations investisseurs","item":"https:\/\/takeoffoutlet.com\/fr\/relations-investisseurs\/"},{"@type":"ListItem","position":3,"name":"M\u00e9dias"}]},{"@type":"WebSite","@id":"https:\/\/takeoffoutlet.com\/#website","url":"https:\/\/takeoffoutlet.com\/","name":"Take Off","description":"La catena di outlet moda pi\u00f9 grande d&#039;Italia","publisher":{"@id":"https:\/\/takeoffoutlet.com\/#organization"},"potentialAction":[{"@type":"SearchAction","target":{"@type":"EntryPoint","urlTemplate":"https:\/\/takeoffoutlet.com\/?s={search_term_string}"},"query-input":{"@type":"PropertyValueSpecification","valueRequired":true,"valueName":"search_term_string"}}],"inLanguage":"fr-FR"},{"@type":"Organization","@id":"https:\/\/takeoffoutlet.com\/#organization","name":"Take Off Spa","url":"https:\/\/takeoffoutlet.com\/","logo":{"@type":"ImageObject","inLanguage":"fr-FR","@id":"https:\/\/takeoffoutlet.com\/#\/schema\/logo\/image\/","url":"https:\/\/takeoffoutlet.com\/wp-content\/uploads\/2020\/10\/take-offl-logo.png","contentUrl":"https:\/\/takeoffoutlet.com\/wp-content\/uploads\/2020\/10\/take-offl-logo.png","width":401,"height":101,"caption":"Take Off Spa"},"image":{"@id":"https:\/\/takeoffoutlet.com\/#\/schema\/logo\/image\/"},"sameAs":["https:\/\/www.facebook.com\/takeofftheoutletcompany","https:\/\/www.instagram.com\/takeoffoutlet"]}]}},"_links":{"self":[{"href":"https:\/\/takeoffoutlet.com\/fr\/wp-json\/wp\/v2\/pages\/4302","targetHints":{"allow":["GET"]}}],"collection":[{"href":"https:\/\/takeoffoutlet.com\/fr\/wp-json\/wp\/v2\/pages"}],"about":[{"href":"https:\/\/takeoffoutlet.com\/fr\/wp-json\/wp\/v2\/types\/page"}],"author":[{"embeddable":true,"href":"https:\/\/takeoffoutlet.com\/fr\/wp-json\/wp\/v2\/users\/1"}],"replies":[{"embeddable":true,"href":"https:\/\/takeoffoutlet.com\/fr\/wp-json\/wp\/v2\/comments?post=4302"}],"version-history":[{"count":46,"href":"https:\/\/takeoffoutlet.com\/fr\/wp-json\/wp\/v2\/pages\/4302\/revisions"}],"predecessor-version":[{"id":5950,"href":"https:\/\/takeoffoutlet.com\/fr\/wp-json\/wp\/v2\/pages\/4302\/revisions\/5950"}],"up":[{"embeddable":true,"href":"https:\/\/takeoffoutlet.com\/fr\/wp-json\/wp\/v2\/pages\/4282"}],"wp:attachment":[{"href":"https:\/\/takeoffoutlet.com\/fr\/wp-json\/wp\/v2\/media?parent=4302"}],"curies":[{"name":"wp","href":"https:\/\/api.w.org\/{rel}","templated":true}]}}